{"id":1648,"date":"2023-03-16T13:53:41","date_gmt":"2023-03-16T13:53:41","guid":{"rendered":"https:\/\/tecnologia.vamtam.com\/?page_id=1648"},"modified":"2025-08-24T10:26:18","modified_gmt":"2025-08-24T10:26:18","slug":"politique-de-confidentialite","status":"publish","type":"page","link":"https:\/\/business.neptween.com\/?page_id=1648","title":{"rendered":"Politique de confidentialit\u00e9"},"content":{"rendered":"\t\t<div data-elementor-type=\"wp-page\" data-elementor-id=\"1648\" class=\"elementor elementor-1648\" data-elementor-post-type=\"page\">\n\t\t\t\t\t\t<section class=\"elementor-section elementor-top-section elementor-element elementor-element-6c5644c elementor-section-boxed elementor-section-height-default elementor-section-height-default\" data-id=\"6c5644c\" data-element_type=\"section\">\n\t\t\t\t\t\t<div class=\"elementor-container elementor-column-gap-default\">\n\t\t\t\t\t<div class=\"elementor-column elementor-col-100 elementor-top-column elementor-element elementor-element-759c98e\" data-id=\"759c98e\" data-element_type=\"column\">\n\t\t\t<div class=\"elementor-widget-wrap elementor-element-populated\">\n\t\t\t\t\t\t<div class=\"elementor-element elementor-element-9af75f0 animated-slow elementor-invisible elementor-widget elementor-widget-heading\" data-id=\"9af75f0\" data-element_type=\"widget\" data-settings=\"{&quot;_animation&quot;:&quot;fadeIn&quot;,&quot;_animation_tablet&quot;:&quot;none&quot;}\" data-widget_type=\"heading.default\">\n\t\t\t\t<div class=\"elementor-widget-container\">\n\t\t\t\t\t<h1 class=\"elementor-heading-title elementor-size-default\">Protection des donn\u00e9es et cookies<\/h1>\t\t\t\t<\/div>\n\t\t\t\t<\/div>\n\t\t\t\t<div class=\"elementor-element elementor-element-88a728c animated-slow elementor-invisible elementor-widget elementor-widget-heading\" data-id=\"88a728c\" data-element_type=\"widget\" data-settings=\"{&quot;_animation&quot;:&quot;fadeIn&quot;,&quot;_animation_tablet&quot;:&quot;none&quot;,&quot;_animation_delay&quot;:300}\" data-widget_type=\"heading.default\">\n\t\t\t\t<div class=\"elementor-widget-container\">\n\t\t\t\t\t<p class=\"elementor-heading-title elementor-size-default\">NEPTWEEN<\/p>\t\t\t\t<\/div>\n\t\t\t\t<\/div>\n\t\t\t\t<div class=\"elementor-element elementor-element-31a03c4 elementor-widget elementor-widget-spacer\" data-id=\"31a03c4\" data-element_type=\"widget\" data-widget_type=\"spacer.default\">\n\t\t\t\t<div class=\"elementor-widget-container\">\n\t\t\t\t\t\t\t<div class=\"elementor-spacer\">\n\t\t\t<div class=\"elementor-spacer-inner\"><\/div>\n\t\t<\/div>\n\t\t\t\t\t\t<\/div>\n\t\t\t\t<\/div>\n\t\t\t\t\t<\/div>\n\t\t<\/div>\n\t\t\t\t\t<\/div>\n\t\t<\/section>\n\t\t\t\t<section class=\"elementor-section elementor-top-section elementor-element elementor-element-1fcb2d8 elementor-section-boxed elementor-section-height-default elementor-section-height-default\" data-id=\"1fcb2d8\" data-element_type=\"section\">\n\t\t\t\t\t\t<div class=\"elementor-container elementor-column-gap-no\">\n\t\t\t\t\t<div class=\"elementor-column elementor-col-100 elementor-top-column elementor-element elementor-element-5923213\" data-id=\"5923213\" data-element_type=\"column\">\n\t\t\t<div class=\"elementor-widget-wrap elementor-element-populated\">\n\t\t\t\t\t\t<div class=\"elementor-element elementor-element-6acf5a5 elementor-widget elementor-widget-heading\" data-id=\"6acf5a5\" data-element_type=\"widget\" data-widget_type=\"heading.default\">\n\t\t\t\t<div class=\"elementor-widget-container\">\n\t\t\t\t\t<h3 class=\"elementor-heading-title elementor-size-default\">Politique de protection des donn\u00e9es \u00e0 caract\u00e8re personnel<\/h3>\t\t\t\t<\/div>\n\t\t\t\t<\/div>\n\t\t\t\t<div class=\"elementor-element elementor-element-d10225c elementor-widget elementor-widget-text-editor\" data-id=\"d10225c\" data-element_type=\"widget\" data-widget_type=\"text-editor.default\">\n\t\t\t\t<div class=\"elementor-widget-container\">\n\t\t\t\t\t\t\t\t\t<p>Nous prenons tr\u00e8s au s\u00e9rieux le respect de la vie priv\u00e9e et la protection des donn\u00e9es \u00e0 caract\u00e8re personnel. C\u2019est la raison pour laquelle nous nous engageons \u00e0 traiter les donn\u00e9es \u00e0 caract\u00e8re personnel conform\u00e9ment aux r\u00e8glementations nationales applicables et au r\u00e8glement (UE) 2016\/679 du Parlement europ\u00e9en et du Conseil (R\u00e8glement g\u00e9n\u00e9ral sur la protection des donn\u00e9es ou RGPD), relatif \u00e0 la protection des personnes physiques \u00e0 l\u2019\u00e9gard du traitement des donn\u00e9es \u00e0 caract\u00e8re personnel, entr\u00e9 en vigueur le 25 mai 2018. \u00c0 cet \u00e9gard, nous avons fond\u00e9 notre politique de protection des donn\u00e9es \u00e0 caract\u00e8re personnel sur les principes \u00e9dict\u00e9s par le RGPD et les r\u00e8glementations nationales applicables.<\/p>\t\t\t\t\t\t\t\t<\/div>\n\t\t\t\t<\/div>\n\t\t\t\t<div class=\"elementor-element elementor-element-4a7087e elementor-widget elementor-widget-heading\" data-id=\"4a7087e\" data-element_type=\"widget\" data-widget_type=\"heading.default\">\n\t\t\t\t<div class=\"elementor-widget-container\">\n\t\t\t\t\t<h3 class=\"elementor-heading-title elementor-size-default\">Pourquoi traitons-nous vos donn\u00e9es \u00e0 caract\u00e8re personnel et sur quels fondements?<\/h3>\t\t\t\t<\/div>\n\t\t\t\t<\/div>\n\t\t\t\t<div class=\"elementor-element elementor-element-ff17bec elementor-widget elementor-widget-text-editor\" data-id=\"ff17bec\" data-element_type=\"widget\" data-widget_type=\"text-editor.default\">\n\t\t\t\t<div class=\"elementor-widget-container\">\n\t\t\t\t\t\t\t\t\t<p>Nous ne traitons vos donn\u00e9es \u00e0 caract\u00e8re personnel que pour des finalit\u00e9s d\u00e9termin\u00e9es, explicites et l\u00e9gitimes.<\/p><p>En vertu du RGPD, les motifs principaux invoqu\u00e9s pour traiter les donn\u00e9es \u00e0 caract\u00e8re personnel sont les suivants :<\/p><p>a) le traitement est n\u00e9cessaire \u00e0 la conclusion ou \u00e0 l\u2019ex\u00e9cution d\u2019un contrat : Nous pourrons \u00eatre amen\u00e9 \u00e0 traiter vos donn\u00e9es \u00e0 caract\u00e8re personnel pour l\u2019ex\u00e9cution des engagements pris avec un co-contractant, la gestion du contrat, de la facturation et le suivi de la relation contractuelle ;<\/p><p>b) le traitement est n\u00e9cessaire au respect d\u2019une obligation l\u00e9gale : nous sommes soumis \u00e0 certaines exigences l\u00e9gales pouvant n\u00e9cessiter que nous traitions vos donn\u00e9es \u00e0 caract\u00e8re personnel. Nous pourrions \u00e9galement \u00eatre tenus par la loi de divulguer vos donn\u00e9es \u00e0 caract\u00e8re personnel \u00e0 un organisme de r\u00e8glementation ou charg\u00e9 de l\u2019application de la loi, dans le respect du RGPD et des l\u00e9gislations nationales ;<\/p><p>c) le traitement est n\u00e9cessaire aux fins des int\u00e9r\u00eats l\u00e9gitimes : nous devrons, ou un tiers devra, traiter vos donn\u00e9es \u00e0 caract\u00e8re personnel aux fins des int\u00e9r\u00eats l\u00e9gitimes poursuivis par nous, \u00e0 condition d\u2019avoir \u00e9tabli que vos droits et libert\u00e9s ne pr\u00e9valent pas sur ces int\u00e9r\u00eats, y compris votre droit \u00e0 la protection de vos donn\u00e9es \u00e0 caract\u00e8re personnel;<\/p><p>d) Consentement : nous pourrions vous demander, dans certaines circonstances, votre consentement au traitement de vos donn\u00e9es \u00e0 caract\u00e8re personnel d\u2019une mani\u00e8re particuli\u00e8re.<\/p>\t\t\t\t\t\t\t\t<\/div>\n\t\t\t\t<\/div>\n\t\t\t\t<div class=\"elementor-element elementor-element-066c896 elementor-widget elementor-widget-heading\" data-id=\"066c896\" data-element_type=\"widget\" data-widget_type=\"heading.default\">\n\t\t\t\t<div class=\"elementor-widget-container\">\n\t\t\t\t\t<h3 class=\"elementor-heading-title elementor-size-default\">Quelles sont les donn\u00e9es \u00e0 caract\u00e8re personnel trait\u00e9es ?<\/h3>\t\t\t\t<\/div>\n\t\t\t\t<\/div>\n\t\t\t\t<div class=\"elementor-element elementor-element-783a250 elementor-widget elementor-widget-text-editor\" data-id=\"783a250\" data-element_type=\"widget\" data-widget_type=\"text-editor.default\">\n\t\t\t\t<div class=\"elementor-widget-container\">\n\t\t\t\t\t\t\t\t\t<p><strong>Contacts d\u2019affaires<\/strong> :<\/p><p>Dans le cadre de nos relations contractuelles avec nos clients ou fournisseurs (les \u00ab Co-contractant \u00bb), nous sommes amen\u00e9s \u00e0 collecter et traiter des donn\u00e9es \u00e0 caract\u00e8re personnel concernant ses Co-contractants, les salari\u00e9s, les repr\u00e9sentants, et\/ou dirigeants des Co-contractants afin de lui permettre de g\u00e9rer la relation contractuelle.<\/p><p>De plus, les Co-contractants ainsi que les prospects peuvent recevoir des newsletters, des invitations \u00e0 des \u00e9v\u00e8nements ou des offres commerciales, dans un contexte exclusivement professionnel.<\/p><p>Enfin, nous pouvons \u00eatre amen\u00e9s \u00e0 \u00eatre destinataire de cartes de visites, de la part de ses Co-contractants ou prospects.<\/p><p>Dans ce contexte, nous, en qualit\u00e9 de Responsable du Traitement, est amen\u00e9 \u00e0 mettre en \u0153uvre un Traitement de donn\u00e9es, dans le respect du RGPD, dont les finalit\u00e9s sont la gestion des Co-contractants ou prospects (en ce compris \u00e0 des fins de contact et de communication, l\u2019ex\u00e9cution des obligations contractuelles, la gestion du contrat, des factures, de la comptabilit\u00e9, le suivi de la relation contractuelle), et plus g\u00e9n\u00e9ralement la gestion des op\u00e9rations lui permettant de communiquer avec ses eux.<\/p><p><strong>Visiteurs du site Internet neptween.com<\/strong><\/p><p>Dans le cadre de l\u2019utilisation du site internet accessible \u00e0 l\u2019adresse www.neptween.com, nous pouvons proc\u00e9der \u00e0 la collecte et au traitement de certaines donn\u00e9es \u00e0 caract\u00e8re personnel vous concernant en votre qualit\u00e9 d\u2019utilisateur du Site.<\/p><p>Dans ce contexte, nous, en qualit\u00e9 de Responsable du Traitement, sommes amen\u00e9s \u00e0 mettre en \u0153uvre un Traitement de donn\u00e9es, dans le respect du RGPD, dont les finalit\u00e9s sont de permettre la communication entre vous et nous (en ce compris la gestion et le suivi des contacts avec les visiteurs) et de g\u00e9rer le site en proc\u00e9dant \u00e0 l\u2019analyse statistique de l\u2019utilisation du site et \u00e0 des \u00e9tudes de march\u00e9.<\/p><p>S\u2019agissant des cookies qui sont collect\u00e9s lors de votre connexion au site, nous vous invitons \u00e0 consulter notre politique Cookies.<\/p><p><strong>Candidature \/ cooptation<\/strong><\/p><p>Nous pouvons \u00e9galement \u00eatre amen\u00e9 \u00e0 collecter des donn\u00e9es \u00e0 caract\u00e8re personnel vous concernant lorsque vous postulez en ligne via le module de recrutement. S\u2019agissant du recrutement, nous vous invitons \u00e0 consulter la politique de protection des donn\u00e9es personnelles destin\u00e9e aux candidats.<\/p>\t\t\t\t\t\t\t\t<\/div>\n\t\t\t\t<\/div>\n\t\t\t\t<div class=\"elementor-element elementor-element-d40b075 elementor-widget elementor-widget-heading\" data-id=\"d40b075\" data-element_type=\"widget\" data-widget_type=\"heading.default\">\n\t\t\t\t<div class=\"elementor-widget-container\">\n\t\t\t\t\t<h3 class=\"elementor-heading-title elementor-size-default\">Combien de temps les donn\u00e9es personnelles sont-elles conserv\u00e9es?<\/h3>\t\t\t\t<\/div>\n\t\t\t\t<\/div>\n\t\t\t\t<div class=\"elementor-element elementor-element-9e1f706 elementor-widget elementor-widget-text-editor\" data-id=\"9e1f706\" data-element_type=\"widget\" data-widget_type=\"text-editor.default\">\n\t\t\t\t<div class=\"elementor-widget-container\">\n\t\t\t\t\t\t\t\t\t<p>Les donn\u00e9es \u00e0 caract\u00e8re personnel collect\u00e9es et trait\u00e9es dans les contextes d\u00e9crits dans la pr\u00e9sente Politique sont conserv\u00e9es pour des dur\u00e9es \u00e9tablies conform\u00e9ment aux r\u00e8glementations nationales applicables et d\u00e9finies dans le registre de traitement des donn\u00e9es \u00e0 caract\u00e8re personnel. Ces dur\u00e9es sont disponibles sur simple demande aupr\u00e8s du D\u00e9l\u00e9gu\u00e9 \u00e0 la Protection des Donn\u00e9es.<\/p>\t\t\t\t\t\t\t\t<\/div>\n\t\t\t\t<\/div>\n\t\t\t\t\t<\/div>\n\t\t<\/div>\n\t\t\t\t\t<\/div>\n\t\t<\/section>\n\t\t\t\t<\/div>\n\t\t","protected":false},"excerpt":{"rendered":"<p>Protection des donn\u00e9es et cookies NEPTWEEN Politique de protection des donn\u00e9es \u00e0 caract\u00e8re personnel Nous prenons tr\u00e8s au s\u00e9rieux le respect de la vie priv\u00e9e et la protection des donn\u00e9es \u00e0 caract\u00e8re personnel. C\u2019est la raison pour laquelle nous nous engageons \u00e0 traiter les donn\u00e9es \u00e0 caract\u00e8re personnel conform\u00e9ment aux r\u00e8glementations nationales applicables et au&#8230;<\/p>\n","protected":false},"author":1,"featured_media":0,"parent":0,"menu_order":0,"comment_status":"closed","ping_status":"closed","template":"","meta":{"footnotes":""},"class_list":["post-1648","page","type-page","status-publish","hentry"],"yoast_head":"<!-- This site is optimized with the Yoast SEO plugin v26.3 - https:\/\/yoast.com\/wordpress\/plugins\/seo\/ -->\n<title>Politique de confidentialit\u00e9 - NEPTWEEN BUSINESS<\/title>\n<meta name=\"robots\" content=\"noindex, follow, max-snippet:-1, max-image-preview:large, max-video-preview:-1\" \/>\n<meta property=\"og:locale\" content=\"en_US\" \/>\n<meta property=\"og:type\" content=\"article\" \/>\n<meta property=\"og:title\" content=\"Politique de confidentialit\u00e9 - NEPTWEEN BUSINESS\" \/>\n<meta property=\"og:description\" content=\"Protection des donn\u00e9es et cookies NEPTWEEN Politique de protection des donn\u00e9es \u00e0 caract\u00e8re personnel Nous prenons tr\u00e8s au s\u00e9rieux le respect de la vie priv\u00e9e et la protection des donn\u00e9es \u00e0 caract\u00e8re personnel. C\u2019est la raison pour laquelle nous nous engageons \u00e0 traiter les donn\u00e9es \u00e0 caract\u00e8re personnel conform\u00e9ment aux r\u00e8glementations nationales applicables et au...\" \/>\n<meta property=\"og:url\" content=\"https:\/\/business.neptween.com\/?page_id=1648\" \/>\n<meta property=\"og:site_name\" content=\"NEPTWEEN BUSINESS\" \/>\n<meta property=\"article:modified_time\" content=\"2025-08-24T10:26:18+00:00\" \/>\n<meta name=\"twitter:card\" content=\"summary_large_image\" \/>\n<meta name=\"twitter:label1\" content=\"Est. reading time\" \/>\n\t<meta name=\"twitter:data1\" content=\"4 minutes\" \/>\n<script type=\"application\/ld+json\" class=\"yoast-schema-graph\">{\"@context\":\"https:\/\/schema.org\",\"@graph\":[{\"@type\":\"WebPage\",\"@id\":\"https:\/\/business.neptween.com\/?page_id=1648\",\"url\":\"https:\/\/business.neptween.com\/?page_id=1648\",\"name\":\"Politique de confidentialit\u00e9 - NEPTWEEN BUSINESS\",\"isPartOf\":{\"@id\":\"https:\/\/business.neptween.com\/#website\"},\"datePublished\":\"2023-03-16T13:53:41+00:00\",\"dateModified\":\"2025-08-24T10:26:18+00:00\",\"breadcrumb\":{\"@id\":\"https:\/\/business.neptween.com\/?page_id=1648#breadcrumb\"},\"inLanguage\":\"en-US\",\"potentialAction\":[{\"@type\":\"ReadAction\",\"target\":[\"https:\/\/business.neptween.com\/?page_id=1648\"]}]},{\"@type\":\"BreadcrumbList\",\"@id\":\"https:\/\/business.neptween.com\/?page_id=1648#breadcrumb\",\"itemListElement\":[{\"@type\":\"ListItem\",\"position\":1,\"name\":\"Home\",\"item\":\"https:\/\/business.neptween.com\/\"},{\"@type\":\"ListItem\",\"position\":2,\"name\":\"Politique de confidentialit\u00e9\"}]},{\"@type\":\"WebSite\",\"@id\":\"https:\/\/business.neptween.com\/#website\",\"url\":\"https:\/\/business.neptween.com\/\",\"name\":\"NEPTWEEN BUSINESS\",\"description\":\"\",\"publisher\":{\"@id\":\"https:\/\/business.neptween.com\/#organization\"},\"potentialAction\":[{\"@type\":\"SearchAction\",\"target\":{\"@type\":\"EntryPoint\",\"urlTemplate\":\"https:\/\/business.neptween.com\/?s={search_term_string}\"},\"query-input\":{\"@type\":\"PropertyValueSpecification\",\"valueRequired\":true,\"valueName\":\"search_term_string\"}}],\"inLanguage\":\"en-US\"},{\"@type\":\"Organization\",\"@id\":\"https:\/\/business.neptween.com\/#organization\",\"name\":\"NEPTWEEN BUSINESS\",\"url\":\"https:\/\/business.neptween.com\/\",\"logo\":{\"@type\":\"ImageObject\",\"inLanguage\":\"en-US\",\"@id\":\"https:\/\/business.neptween.com\/#\/schema\/logo\/image\/\",\"url\":\"https:\/\/business.neptween.com\/wp-content\/uploads\/2023\/03\/NBUSINESS_LOGO_V2.png\",\"contentUrl\":\"https:\/\/business.neptween.com\/wp-content\/uploads\/2023\/03\/NBUSINESS_LOGO_V2.png\",\"width\":891,\"height\":204,\"caption\":\"NEPTWEEN BUSINESS\"},\"image\":{\"@id\":\"https:\/\/business.neptween.com\/#\/schema\/logo\/image\/\"}}]}<\/script>\n<!-- \/ Yoast SEO plugin. -->","yoast_head_json":{"title":"Politique de confidentialit\u00e9 - NEPTWEEN BUSINESS","robots":{"index":"noindex","follow":"follow","max-snippet":"max-snippet:-1","max-image-preview":"max-image-preview:large","max-video-preview":"max-video-preview:-1"},"og_locale":"en_US","og_type":"article","og_title":"Politique de confidentialit\u00e9 - NEPTWEEN BUSINESS","og_description":"Protection des donn\u00e9es et cookies NEPTWEEN Politique de protection des donn\u00e9es \u00e0 caract\u00e8re personnel Nous prenons tr\u00e8s au s\u00e9rieux le respect de la vie priv\u00e9e et la protection des donn\u00e9es \u00e0 caract\u00e8re personnel. C\u2019est la raison pour laquelle nous nous engageons \u00e0 traiter les donn\u00e9es \u00e0 caract\u00e8re personnel conform\u00e9ment aux r\u00e8glementations nationales applicables et au...","og_url":"https:\/\/business.neptween.com\/?page_id=1648","og_site_name":"NEPTWEEN BUSINESS","article_modified_time":"2025-08-24T10:26:18+00:00","twitter_card":"summary_large_image","twitter_misc":{"Est. reading time":"4 minutes"},"schema":{"@context":"https:\/\/schema.org","@graph":[{"@type":"WebPage","@id":"https:\/\/business.neptween.com\/?page_id=1648","url":"https:\/\/business.neptween.com\/?page_id=1648","name":"Politique de confidentialit\u00e9 - NEPTWEEN BUSINESS","isPartOf":{"@id":"https:\/\/business.neptween.com\/#website"},"datePublished":"2023-03-16T13:53:41+00:00","dateModified":"2025-08-24T10:26:18+00:00","breadcrumb":{"@id":"https:\/\/business.neptween.com\/?page_id=1648#breadcrumb"},"inLanguage":"en-US","potentialAction":[{"@type":"ReadAction","target":["https:\/\/business.neptween.com\/?page_id=1648"]}]},{"@type":"BreadcrumbList","@id":"https:\/\/business.neptween.com\/?page_id=1648#breadcrumb","itemListElement":[{"@type":"ListItem","position":1,"name":"Home","item":"https:\/\/business.neptween.com\/"},{"@type":"ListItem","position":2,"name":"Politique de confidentialit\u00e9"}]},{"@type":"WebSite","@id":"https:\/\/business.neptween.com\/#website","url":"https:\/\/business.neptween.com\/","name":"NEPTWEEN BUSINESS","description":"","publisher":{"@id":"https:\/\/business.neptween.com\/#organization"},"potentialAction":[{"@type":"SearchAction","target":{"@type":"EntryPoint","urlTemplate":"https:\/\/business.neptween.com\/?s={search_term_string}"},"query-input":{"@type":"PropertyValueSpecification","valueRequired":true,"valueName":"search_term_string"}}],"inLanguage":"en-US"},{"@type":"Organization","@id":"https:\/\/business.neptween.com\/#organization","name":"NEPTWEEN BUSINESS","url":"https:\/\/business.neptween.com\/","logo":{"@type":"ImageObject","inLanguage":"en-US","@id":"https:\/\/business.neptween.com\/#\/schema\/logo\/image\/","url":"https:\/\/business.neptween.com\/wp-content\/uploads\/2023\/03\/NBUSINESS_LOGO_V2.png","contentUrl":"https:\/\/business.neptween.com\/wp-content\/uploads\/2023\/03\/NBUSINESS_LOGO_V2.png","width":891,"height":204,"caption":"NEPTWEEN BUSINESS"},"image":{"@id":"https:\/\/business.neptween.com\/#\/schema\/logo\/image\/"}}]}},"_links":{"self":[{"href":"https:\/\/business.neptween.com\/index.php?rest_route=\/wp\/v2\/pages\/1648","targetHints":{"allow":["GET"]}}],"collection":[{"href":"https:\/\/business.neptween.com\/index.php?rest_route=\/wp\/v2\/pages"}],"about":[{"href":"https:\/\/business.neptween.com\/index.php?rest_route=\/wp\/v2\/types\/page"}],"author":[{"embeddable":true,"href":"https:\/\/business.neptween.com\/index.php?rest_route=\/wp\/v2\/users\/1"}],"replies":[{"embeddable":true,"href":"https:\/\/business.neptween.com\/index.php?rest_route=%2Fwp%2Fv2%2Fcomments&post=1648"}],"version-history":[{"count":8,"href":"https:\/\/business.neptween.com\/index.php?rest_route=\/wp\/v2\/pages\/1648\/revisions"}],"predecessor-version":[{"id":990095,"href":"https:\/\/business.neptween.com\/index.php?rest_route=\/wp\/v2\/pages\/1648\/revisions\/990095"}],"wp:attachment":[{"href":"https:\/\/business.neptween.com\/index.php?rest_route=%2Fwp%2Fv2%2Fmedia&parent=1648"}],"curies":[{"name":"wp","href":"https:\/\/api.w.org\/{rel}","templated":true}]}}